{"id":118,"date":"2022-10-18T15:12:05","date_gmt":"2022-10-18T13:12:05","guid":{"rendered":"https:\/\/www.cestdesign.fr\/?post_type=product&#038;p=118"},"modified":"2026-01-06T02:56:29","modified_gmt":"2026-01-06T01:56:29","slug":"lampe-de-table-edison-the-petit","status":"publish","type":"product","link":"https:\/\/www.cestdesign.fr\/index.php\/produit\/lampe-de-table-edison-the-petit\/","title":{"rendered":"Lampe de table Edison The Petit"},"content":{"rendered":"<ul>\n<li class=\"list-item\">\u00d816 x 25 cm.<\/li>\n<li class=\"list-item\">Colis : 17,5 x 17,5 x 26,5cm.<\/li>\n<li class=\"list-item\">Livr\u00e9 avec USB C\u00e2ble 1,5 meter.<\/li>\n<li class=\"list-item\">0,44 kg.<\/li>\n<li class=\"list-item\">Produit + colis : 0,7 kg.<\/li>\n<li class=\"list-item\">3 niveaux de variations de (33%, 65%, 100%).<sup>1<\/sup><\/li>\n<li class=\"list-item\">R\u00e9glable en continu.<sup>2<\/sup><\/li>\n<li class=\"list-item\">Sans fil.<\/li>\n<li class=\"list-item\">Batterie rechargeable.<\/li>\n<li class=\"list-item\">Portable.<\/li>\n<li class=\"list-item\">Tirez sur l&rsquo;\u00e9tiquette rouge Fatboy pour allumer la lampe.<\/li>\n<li class=\"list-item\">Si vous \u00e9teignez la lampe, le r\u00e9glage de la luminosit\u00e9 reste en m\u00e9moire.<sup>2<\/sup><\/li>\n<li class=\"list-item\">Couleur lumineuse &#8211; 2700K (blanc chaleureux).<\/li>\n<li class=\"list-item\">Puissance : 1 W.<sup>1<\/sup><\/li>\n<li class=\"list-item\">Puissance : 2 x 0,5 W.<sup>2<\/sup><\/li>\n<li class=\"list-item\">Volt: 3,7V.<\/li>\n<li class=\"list-item\">IP21.<\/li>\n<li class=\"list-item\">Dur\u00e9e de vie de la lampe : 50 000 heures.<\/li>\n<li class=\"list-item\">Temps de charge : 3 heures.<\/li>\n<li class=\"list-item\">Luminosit\u00e9 100%: 43 Lumen.<sup>1<\/sup><\/li>\n<li class=\"list-item\">Luminosit\u00e9 100%: 58 Lumen.<sup>2<\/sup><\/li>\n<li class=\"list-item\">Dur\u00e9e de vie d\u2019une batterie: Mode 1: 24 Heures | Mode 2: 15 Heures | Mode 3: 6 Heures |<sup>1<\/sup><\/li>\n<li class=\"list-item\">Une charge compl\u00e8te maintiendra la lampe \u00e9clair\u00e9e entre \u00b1 7 heures et demie et 8 heures environ.<sup>2<\/sup><\/li>\n<li class=\"list-item\">Type de batterie: Li-Polymer 1600 Mah.<\/li>\n<li class=\"list-item\">Cable de charge USB: USB C a USB A.<\/li>\n<li class=\"list-item\">Sp\u00e9cifications d&rsquo;adaptateur : (adaptateur pas compris).<\/li>\n<li class=\"list-item\">L\u2019ext\u00e9rieur est fait de poly\u00e9thyl\u00e8ne et l\u2019int\u00e9rieur consiste d\u2019une base en aluminium et d\u2019un syst\u00e8me LED.<\/li>\n<\/ul>\n","protected":false},"excerpt":{"rendered":"<p>La lampe de table d&rsquo;ext\u00e9rieur et d&rsquo;int\u00e9rieur sans fil \u00e0 emporter partout. Chargez votre Edison the Petit via la connexion USB et profitez d&rsquo;une ambiance instantan\u00e9e jusqu&rsquo;\u00e0 24 heures, dans le mode de luminosit\u00e9 s\u00e9lectionn\u00e9.<\/p>\n","protected":false},"featured_media":120,"comment_status":"open","ping_status":"closed","template":"","meta":{"spay_email":""},"product_cat":[15],"product_tag":[],"class_list":["post-118","product","type-product","status-publish","has-post-thumbnail","hentry","product_cat-non-classe"],"_links":{"self":[{"href":"https:\/\/www.cestdesign.fr\/index.php\/wp-json\/wp\/v2\/product\/118","targetHints":{"allow":["GET"]}}],"collection":[{"href":"https:\/\/www.cestdesign.fr\/index.php\/wp-json\/wp\/v2\/product"}],"about":[{"href":"https:\/\/www.cestdesign.fr\/index.php\/wp-json\/wp\/v2\/types\/product"}],"replies":[{"embeddable":true,"href":"https:\/\/www.cestdesign.fr\/index.php\/wp-json\/wp\/v2\/comments?post=118"}],"wp:featuredmedia":[{"embeddable":true,"href":"https:\/\/www.cestdesign.fr\/index.php\/wp-json\/wp\/v2\/media\/120"}],"wp:attachment":[{"href":"https:\/\/www.cestdesign.fr\/index.php\/wp-json\/wp\/v2\/media?parent=118"}],"wp:term":[{"taxonomy":"product_cat","embeddable":true,"href":"https:\/\/www.cestdesign.fr\/index.php\/wp-json\/wp\/v2\/product_cat?post=118"},{"taxonomy":"product_tag","embeddable":true,"href":"https:\/\/www.cestdesign.fr\/index.php\/wp-json\/wp\/v2\/product_tag?post=118"}],"curies":[{"name":"wp","href":"https:\/\/api.w.org\/{rel}","templated":true}]}}