{"id":123,"date":"2022-10-18T15:13:43","date_gmt":"2022-10-18T13:13:43","guid":{"rendered":"https:\/\/www.cestdesign.fr\/?post_type=product&#038;p=123"},"modified":"2024-08-11T02:01:17","modified_gmt":"2024-08-11T00:01:17","slug":"lampe-de-table-edison-the-mini","status":"publish","type":"product","link":"https:\/\/www.cestdesign.fr\/index.php\/produit\/lampe-de-table-edison-the-mini\/","title":{"rendered":"Lampe de table Edison The Mini"},"content":{"rendered":"<ul>\n<li class=\"list-item\">\u00d8 9,7 x 15 cm.<\/li>\n<li class=\"list-item\">Colis : 31 x 11 x 20 cm<\/li>\n<li class=\"list-item\">145 g par lampe.<\/li>\n<li class=\"list-item\">Produit + colis : 1,66 kg.<\/li>\n<li class=\"list-item\">Mat\u00e9riaux : polypropyl\u00e8ne (abat-jour), ABS (partie inf\u00e9rieure), acrylique (distributeur de lumi\u00e8re).<\/li>\n<li class=\"list-item\">LED Chaude (3000K<\/li>\n<li class=\"list-item\">Excellent rehausseur d&rsquo;ambiance.<\/li>\n<li class=\"list-item\">Peut \u00eatre utilis\u00e9 \u00e0 l\u2019int\u00e9rieur comme \u00e0 l\u2019ext\u00e9rieur (IP44).<\/li>\n<li class=\"list-item\">Connecteur \u00e0 encliquetage magn\u00e9tique pour une charge facile. Les trois lampes peuvent \u00eatre charg\u00e9es s\u00e9par\u00e9ment ou avec le m\u00eame c\u00e2ble.<\/li>\n<li class=\"list-item\">Temps de charge : 3,3 heures (pour charger les trois lampes en m\u00eame temps).<\/li>\n<li class=\"list-item\">3 positions d&rsquo;\u00e9clairage : 100 % &#8211; 65 % -35 % d&rsquo;intensit\u00e9 lumineuse.<\/li>\n<li class=\"list-item\">12 heures avec une intensit\u00e9 \u00e0 100 %.<\/li>\n<li class=\"list-item\">Max 0,5 watts par lampe.<\/li>\n<li class=\"list-item\">Adapter not included.<\/li>\n<\/ul>\n","protected":false},"excerpt":{"rendered":"<p>Edison the Mini, un ensemble de trois petites lampes de table pour l&rsquo;int\u00e9rieur et l&rsquo;ext\u00e9rieur. Avec leur lumi\u00e8re LED chaude et blanche, ces lampes portables cr\u00e9ent une atmosph\u00e8re chaleureuse et lumineuse. R\u00e8gle l&rsquo;intensit\u00e9 lumineuse souhait\u00e9e avec la fonction de gradation pour trouver l&rsquo;ambiance que tu d\u00e9sires. Un vrai trio de choc.Avec ses 15 centim\u00e8tres seulement, Edison the Mini est le plus petit membre de la famille Edison. En raison de sa taille compacte, tu peux placer ces mini lampes de table o\u00f9 tu le souhaites, \u00e0 l&rsquo;int\u00e9rieur comme \u00e0 l&rsquo;ext\u00e9rieur. Pas de soucis si elles se mouillent les pieds : ces petites sont r\u00e9sistantes \u00e0 la pluie.<\/p>\n","protected":false},"featured_media":124,"comment_status":"open","ping_status":"closed","template":"","meta":{"spay_email":""},"product_cat":[15],"product_tag":[],"class_list":["post-123","product","type-product","status-publish","has-post-thumbnail","hentry","product_cat-non-classe"],"_links":{"self":[{"href":"https:\/\/www.cestdesign.fr\/index.php\/wp-json\/wp\/v2\/product\/123","targetHints":{"allow":["GET"]}}],"collection":[{"href":"https:\/\/www.cestdesign.fr\/index.php\/wp-json\/wp\/v2\/product"}],"about":[{"href":"https:\/\/www.cestdesign.fr\/index.php\/wp-json\/wp\/v2\/types\/product"}],"replies":[{"embeddable":true,"href":"https:\/\/www.cestdesign.fr\/index.php\/wp-json\/wp\/v2\/comments?post=123"}],"wp:featuredmedia":[{"embeddable":true,"href":"https:\/\/www.cestdesign.fr\/index.php\/wp-json\/wp\/v2\/media\/124"}],"wp:attachment":[{"href":"https:\/\/www.cestdesign.fr\/index.php\/wp-json\/wp\/v2\/media?parent=123"}],"wp:term":[{"taxonomy":"product_cat","embeddable":true,"href":"https:\/\/www.cestdesign.fr\/index.php\/wp-json\/wp\/v2\/product_cat?post=123"},{"taxonomy":"product_tag","embeddable":true,"href":"https:\/\/www.cestdesign.fr\/index.php\/wp-json\/wp\/v2\/product_tag?post=123"}],"curies":[{"name":"wp","href":"https:\/\/api.w.org\/{rel}","templated":true}]}}