{"id":132,"date":"2022-10-18T15:27:18","date_gmt":"2022-10-18T13:27:18","guid":{"rendered":"https:\/\/www.cestdesign.fr\/?post_type=product&#038;p=132"},"modified":"2026-01-06T02:56:14","modified_gmt":"2026-01-06T01:56:14","slug":"lampe-de-table-edison-the-grand","status":"publish","type":"product","link":"https:\/\/www.cestdesign.fr\/index.php\/produit\/lampe-de-table-edison-the-grand\/","title":{"rendered":"Lampe de table Edison The Grand"},"content":{"rendered":"<ul>\n<li class=\"list-item\">90 x 60 cm.<\/li>\n<li class=\"list-item\">13 kg.<\/li>\n<li class=\"list-item\">Longueur de c\u00e2ble 8 meter.<\/li>\n<li class=\"list-item\">Contr\u00f4lable \u00e0 distance via Fatboy Light Control App. Variateur de lumi\u00e8re int\u00e9gr\u00e9.<\/li>\n<li class=\"list-item\">Technologie LED innovante.<\/li>\n<li class=\"list-item\">2700 Kelvin.<\/li>\n<li class=\"list-item\">14 Watt.<\/li>\n<li class=\"list-item\">686 Lumens.<\/li>\n<li class=\"list-item\">100 -240V AC, 50\/60Hz.<\/li>\n<li class=\"list-item\">Base en aluminium et bo\u00eetier LED en LLDPE.<\/li>\n<li class=\"list-item\">Convient pour une utilisation \u00e0 l\u2019int\u00e9rieur comme \u00e0 l\u2019ext\u00e9rieur.<\/li>\n<li class=\"list-item\">Prise fixe incluse (EU \/ UK).<\/li>\n<li class=\"list-item\">Source lumineuse non rempla\u00e7able.<\/li>\n<li class=\"list-item\">Temp\u00e9rature ambiante: -10\u00b0C &#8211; 40\u00b0C.<\/li>\n<\/ul>\n","protected":false},"excerpt":{"rendered":"<p>La lampe Fatboy Edison the Grand est surdimensionn\u00e9e et embl\u00e9matique. Son design est bas\u00e9 sur la lampe de chambre classique, en plus grande. Le design blanc de cette lampe au sol \u00e0 LED avec variateur est minimaliste et \u00e9pur\u00e9, mais tr\u00e8s pratique, et tout sauf vieux et poussi\u00e9reux. D\u00e9couvre la chaleur ambiante de la lampe Edison the Grand et contr\u00f4le la lumi\u00e8re avec la Fatboy light control app. Gr\u00e2ce aux trois modes de luminosit\u00e9, cr\u00e9e la lumi\u00e8re que tu souhaites, \u00e0 l\u2019int\u00e9rieur comme \u00e0 l\u2019ext\u00e9rieur. Cette lampe au sol a une source de lumi\u00e8re LED et est con\u00e7ue en LLDPE transparent. Ce plastique offre non seulement une lumi\u00e8re diffuse douce, mais r\u00e9siste \u00e9galement \u00e0 la salet\u00e9 et \u00e0 l\u2019humidit\u00e9.<\/p>\n","protected":false},"featured_media":137,"comment_status":"open","ping_status":"closed","template":"","meta":{"spay_email":""},"product_cat":[15],"product_tag":[],"class_list":["post-132","product","type-product","status-publish","has-post-thumbnail","hentry","product_cat-non-classe"],"_links":{"self":[{"href":"https:\/\/www.cestdesign.fr\/index.php\/wp-json\/wp\/v2\/product\/132","targetHints":{"allow":["GET"]}}],"collection":[{"href":"https:\/\/www.cestdesign.fr\/index.php\/wp-json\/wp\/v2\/product"}],"about":[{"href":"https:\/\/www.cestdesign.fr\/index.php\/wp-json\/wp\/v2\/types\/product"}],"replies":[{"embeddable":true,"href":"https:\/\/www.cestdesign.fr\/index.php\/wp-json\/wp\/v2\/comments?post=132"}],"wp:featuredmedia":[{"embeddable":true,"href":"https:\/\/www.cestdesign.fr\/index.php\/wp-json\/wp\/v2\/media\/137"}],"wp:attachment":[{"href":"https:\/\/www.cestdesign.fr\/index.php\/wp-json\/wp\/v2\/media?parent=132"}],"wp:term":[{"taxonomy":"product_cat","embeddable":true,"href":"https:\/\/www.cestdesign.fr\/index.php\/wp-json\/wp\/v2\/product_cat?post=132"},{"taxonomy":"product_tag","embeddable":true,"href":"https:\/\/www.cestdesign.fr\/index.php\/wp-json\/wp\/v2\/product_tag?post=132"}],"curies":[{"name":"wp","href":"https:\/\/api.w.org\/{rel}","templated":true}]}}